{"id":179,"date":"2026-03-10T05:34:12","date_gmt":"2026-03-10T04:34:12","guid":{"rendered":"https:\/\/henry-tv.com\/?page_id=179"},"modified":"2026-03-10T07:07:09","modified_gmt":"2026-03-10T06:07:09","slug":"politica-de-privacidad","status":"publish","type":"page","link":"https:\/\/henry-tv.com\/?page_id=179","title":{"rendered":"POL\u00cdTICA DE PRIVACIDAD"},"content":{"rendered":"\t\t<div data-elementor-type=\"wp-page\" data-elementor-id=\"179\" class=\"elementor elementor-179\" data-elementor-post-type=\"page\">\n\t\t\t\t<div class=\"elementor-element elementor-element-b229ead e-flex e-con-boxed e-con e-parent\" data-id=\"b229ead\" data-element_type=\"container\" data-e-type=\"container\">\n\t\t\t\t\t<div class=\"e-con-inner\">\n\t\t<div class=\"elementor-element elementor-element-b132b0c e-con-full e-flex e-con e-child\" data-id=\"b132b0c\" data-element_type=\"container\" data-e-type=\"container\" data-settings=\"{&quot;background_background&quot;:&quot;gradient&quot;}\">\n\t\t\t\t<div class=\"elementor-element elementor-element-7e48de3 elementor-widget elementor-widget-heading\" data-id=\"7e48de3\" data-element_type=\"widget\" data-e-type=\"widget\" data-widget_type=\"heading.default\">\n\t\t\t\t\t<h2 class=\"elementor-heading-title elementor-size-default\">pol\u00edtica de privacidad<\/h2>\t\t\t\t<\/div>\n\t\t\t\t<\/div>\n\t\t\t\t<div class=\"elementor-element elementor-element-b919b70 elementor-widget elementor-widget-spacer\" data-id=\"b919b70\" data-element_type=\"widget\" data-e-type=\"widget\" data-widget_type=\"spacer.default\">\n\t\t\t\t\t\t\t<div class=\"elementor-spacer\">\n\t\t\t<div class=\"elementor-spacer-inner\"><\/div>\n\t\t<\/div>\n\t\t\t\t\t\t<\/div>\n\t\t\t\t<div class=\"elementor-element elementor-element-714447d elementor-widget elementor-widget-heading\" data-id=\"714447d\" data-element_type=\"widget\" data-e-type=\"widget\" data-widget_type=\"heading.default\">\n\t\t\t\t\t<h2 class=\"elementor-heading-title elementor-size-default\">Henry TV respeta la privacidad de sus usuarios y protege la informaci\u00f3n personal que pueda ser recopilada a trav\u00e9s del sitio web.\n\nLos datos proporcionados por los usuarios ser\u00e1n utilizados \u00fanicamente para fines de comunicaci\u00f3n, contacto o mejora de los servicios ofrecidos por la plataforma.\n\nEn ning\u00fan caso la informaci\u00f3n personal ser\u00e1 vendida, compartida o distribuida a terceros sin autorizaci\u00f3n del usuario, salvo en los casos establecidos por la ley.\n\nEl sitio web puede utilizar herramientas de an\u00e1lisis para mejorar la experiencia del usuario y comprender mejor el comportamiento de los visitantes.<\/h2>\t\t\t\t<\/div>\n\t\t\t\t<div class=\"elementor-element elementor-element-3cff784 elementor-widget elementor-widget-spacer\" data-id=\"3cff784\" data-element_type=\"widget\" data-e-type=\"widget\" data-widget_type=\"spacer.default\">\n\t\t\t\t\t\t\t<div class=\"elementor-spacer\">\n\t\t\t<div class=\"elementor-spacer-inner\"><\/div>\n\t\t<\/div>\n\t\t\t\t\t\t<\/div>\n\t\t\t\t\t<\/div>\n\t\t\t\t<\/div>\n\t\t\t\t<\/div>\n\t\t","protected":false},"excerpt":{"rendered":"<p>pol\u00edtica de privacidad Henry TV respeta la privacidad de sus usuarios y protege la informaci\u00f3n personal que pueda ser recopilada a trav\u00e9s del sitio web. Los datos proporcionados por los usuarios ser\u00e1n utilizados \u00fanicamente para fines de comunicaci\u00f3n, contacto o mejora de los servicios ofrecidos por la plataforma. En ning\u00fan caso la informaci\u00f3n personal ser\u00e1 [&hellip;]<\/p>\n","protected":false},"author":1,"featured_media":0,"parent":0,"menu_order":0,"comment_status":"closed","ping_status":"closed","template":"","meta":{"footnotes":""},"class_list":["post-179","page","type-page","status-publish","hentry"],"_links":{"self":[{"href":"https:\/\/henry-tv.com\/index.php?rest_route=\/wp\/v2\/pages\/179","targetHints":{"allow":["GET"]}}],"collection":[{"href":"https:\/\/henry-tv.com\/index.php?rest_route=\/wp\/v2\/pages"}],"about":[{"href":"https:\/\/henry-tv.com\/index.php?rest_route=\/wp\/v2\/types\/page"}],"author":[{"embeddable":true,"href":"https:\/\/henry-tv.com\/index.php?rest_route=\/wp\/v2\/users\/1"}],"replies":[{"embeddable":true,"href":"https:\/\/henry-tv.com\/index.php?rest_route=%2Fwp%2Fv2%2Fcomments&post=179"}],"version-history":[{"count":4,"href":"https:\/\/henry-tv.com\/index.php?rest_route=\/wp\/v2\/pages\/179\/revisions"}],"predecessor-version":[{"id":294,"href":"https:\/\/henry-tv.com\/index.php?rest_route=\/wp\/v2\/pages\/179\/revisions\/294"}],"wp:attachment":[{"href":"https:\/\/henry-tv.com\/index.php?rest_route=%2Fwp%2Fv2%2Fmedia&parent=179"}],"curies":[{"name":"wp","href":"https:\/\/api.w.org\/{rel}","templated":true}]}}