{"id":177,"date":"2026-03-10T05:34:02","date_gmt":"2026-03-10T04:34:02","guid":{"rendered":"https:\/\/henry-tv.com\/?page_id=177"},"modified":"2026-03-10T07:09:10","modified_gmt":"2026-03-10T06:09:10","slug":"aviso-legal","status":"publish","type":"page","link":"https:\/\/henry-tv.com\/?page_id=177","title":{"rendered":"AVISO LEGAL"},"content":{"rendered":"\t\t<div data-elementor-type=\"wp-page\" data-elementor-id=\"177\" class=\"elementor elementor-177\" data-elementor-post-type=\"page\">\n\t\t\t\t<div class=\"elementor-element elementor-element-8df0e6c e-flex e-con-boxed e-con e-parent\" data-id=\"8df0e6c\" data-element_type=\"container\" data-e-type=\"container\">\n\t\t\t\t\t<div class=\"e-con-inner\">\n\t\t<div class=\"elementor-element elementor-element-81bbbb7 e-con-full e-flex e-con e-child\" data-id=\"81bbbb7\" data-element_type=\"container\" data-e-type=\"container\" data-settings=\"{&quot;background_background&quot;:&quot;gradient&quot;}\">\n\t\t\t\t<div class=\"elementor-element elementor-element-0e56ca3 elementor-widget elementor-widget-heading\" data-id=\"0e56ca3\" data-element_type=\"widget\" data-e-type=\"widget\" data-widget_type=\"heading.default\">\n\t\t\t\t\t<h2 class=\"elementor-heading-title elementor-size-default\">aviso legal<\/h2>\t\t\t\t<\/div>\n\t\t\t\t<\/div>\n\t\t\t\t\t<\/div>\n\t\t\t\t<\/div>\n\t\t<div class=\"elementor-element elementor-element-8b566bf e-flex e-con-boxed e-con e-parent\" data-id=\"8b566bf\" data-element_type=\"container\" data-e-type=\"container\">\n\t\t\t\t\t<div class=\"e-con-inner\">\n\t\t\t\t<div class=\"elementor-element elementor-element-73f893a elementor-widget elementor-widget-spacer\" data-id=\"73f893a\" data-element_type=\"widget\" data-e-type=\"widget\" data-widget_type=\"spacer.default\">\n\t\t\t\t\t\t\t<div class=\"elementor-spacer\">\n\t\t\t<div class=\"elementor-spacer-inner\"><\/div>\n\t\t<\/div>\n\t\t\t\t\t\t<\/div>\n\t\t\t\t<div class=\"elementor-element elementor-element-026da77 elementor-widget elementor-widget-heading\" data-id=\"026da77\" data-element_type=\"widget\" data-e-type=\"widget\" data-widget_type=\"heading.default\">\n\t\t\t\t\t<h2 class=\"elementor-heading-title elementor-size-default\">El presente sitio web tiene car\u00e1cter informativo y comunicacional.<br><br>\n\nLos contenidos publicados en Henry TV tienen como finalidad informar y generar espacios de di\u00e1logo ciudadano. La plataforma se reserva el derecho de modificar, actualizar o eliminar contenidos cuando sea necesario.<br><br>\n\nTodo el material publicado en este sitio web, incluyendo textos, fotograf\u00edas, videos y elementos gr\u00e1ficos, se encuentra protegido por derechos de propiedad intelectual.<br><br>\n\nQueda prohibida la reproducci\u00f3n, distribuci\u00f3n o utilizaci\u00f3n del contenido sin autorizaci\u00f3n previa del medio.<br><br>\n\nHenry TV no se responsabiliza por el uso indebido que terceros puedan realizar de los contenidos publicados en esta plataforma.<\/h2>\t\t\t\t<\/div>\n\t\t\t\t<div class=\"elementor-element elementor-element-cfe6e65 elementor-widget elementor-widget-spacer\" data-id=\"cfe6e65\" data-element_type=\"widget\" data-e-type=\"widget\" data-widget_type=\"spacer.default\">\n\t\t\t\t\t\t\t<div class=\"elementor-spacer\">\n\t\t\t<div class=\"elementor-spacer-inner\"><\/div>\n\t\t<\/div>\n\t\t\t\t\t\t<\/div>\n\t\t\t\t\t<\/div>\n\t\t\t\t<\/div>\n\t\t\t\t<\/div>\n\t\t","protected":false},"excerpt":{"rendered":"<p>aviso legal El presente sitio web tiene car\u00e1cter informativo y comunicacional. Los contenidos publicados en Henry TV tienen como finalidad informar y generar espacios de di\u00e1logo ciudadano. La plataforma se reserva el derecho de modificar, actualizar o eliminar contenidos cuando sea necesario. Todo el material publicado en este sitio web, incluyendo textos, fotograf\u00edas, videos y [&hellip;]<\/p>\n","protected":false},"author":1,"featured_media":0,"parent":0,"menu_order":0,"comment_status":"closed","ping_status":"closed","template":"","meta":{"footnotes":""},"class_list":["post-177","page","type-page","status-publish","hentry"],"_links":{"self":[{"href":"https:\/\/henry-tv.com\/index.php?rest_route=\/wp\/v2\/pages\/177","targetHints":{"allow":["GET"]}}],"collection":[{"href":"https:\/\/henry-tv.com\/index.php?rest_route=\/wp\/v2\/pages"}],"about":[{"href":"https:\/\/henry-tv.com\/index.php?rest_route=\/wp\/v2\/types\/page"}],"author":[{"embeddable":true,"href":"https:\/\/henry-tv.com\/index.php?rest_route=\/wp\/v2\/users\/1"}],"replies":[{"embeddable":true,"href":"https:\/\/henry-tv.com\/index.php?rest_route=%2Fwp%2Fv2%2Fcomments&post=177"}],"version-history":[{"count":7,"href":"https:\/\/henry-tv.com\/index.php?rest_route=\/wp\/v2\/pages\/177\/revisions"}],"predecessor-version":[{"id":300,"href":"https:\/\/henry-tv.com\/index.php?rest_route=\/wp\/v2\/pages\/177\/revisions\/300"}],"wp:attachment":[{"href":"https:\/\/henry-tv.com\/index.php?rest_route=%2Fwp%2Fv2%2Fmedia&parent=177"}],"curies":[{"name":"wp","href":"https:\/\/api.w.org\/{rel}","templated":true}]}}