{"id":175,"date":"2026-03-10T05:33:53","date_gmt":"2026-03-10T04:33:53","guid":{"rendered":"https:\/\/henry-tv.com\/?page_id=175"},"modified":"2026-03-10T06:59:32","modified_gmt":"2026-03-10T05:59:32","slug":"contacto","status":"publish","type":"page","link":"https:\/\/henry-tv.com\/?page_id=175","title":{"rendered":"CONTACTO"},"content":{"rendered":"\t\t<div data-elementor-type=\"wp-page\" data-elementor-id=\"175\" class=\"elementor elementor-175\" data-elementor-post-type=\"page\">\n\t\t\t\t<div class=\"elementor-element elementor-element-cef993d e-flex e-con-boxed e-con e-parent\" data-id=\"cef993d\" data-element_type=\"container\" data-e-type=\"container\">\n\t\t\t\t\t<div class=\"e-con-inner\">\n\t\t<div class=\"elementor-element elementor-element-1429727 e-con-full e-flex e-con e-child\" data-id=\"1429727\" data-element_type=\"container\" data-e-type=\"container\" data-settings=\"{&quot;background_background&quot;:&quot;gradient&quot;}\">\n\t\t\t\t<div class=\"elementor-element elementor-element-c906786 elementor-widget elementor-widget-heading\" data-id=\"c906786\" data-element_type=\"widget\" data-e-type=\"widget\" data-widget_type=\"heading.default\">\n\t\t\t\t\t<h2 class=\"elementor-heading-title elementor-size-default\">contacto<\/h2>\t\t\t\t<\/div>\n\t\t\t\t<\/div>\n\t\t\t\t\t<\/div>\n\t\t\t\t<\/div>\n\t\t<div class=\"elementor-element elementor-element-b34ccbf e-flex e-con-boxed e-con e-parent\" data-id=\"b34ccbf\" data-element_type=\"container\" data-e-type=\"container\">\n\t\t\t\t\t<div class=\"e-con-inner\">\n\t\t\t\t<div class=\"elementor-element elementor-element-68c2fb6 elementor-widget elementor-widget-spacer\" data-id=\"68c2fb6\" data-element_type=\"widget\" data-e-type=\"widget\" data-widget_type=\"spacer.default\">\n\t\t\t\t\t\t\t<div class=\"elementor-spacer\">\n\t\t\t<div class=\"elementor-spacer-inner\"><\/div>\n\t\t<\/div>\n\t\t\t\t\t\t<\/div>\n\t\t\t\t<div class=\"elementor-element elementor-element-f47310f elementor-widget elementor-widget-heading\" data-id=\"f47310f\" data-element_type=\"widget\" data-e-type=\"widget\" data-widget_type=\"heading.default\">\n\t\t\t\t\t<h2 class=\"elementor-heading-title elementor-size-default\">Si deseas comunicarte con Henry TV para enviar informaci\u00f3n, sugerencias, realizar colaboraciones o solicitar cobertura de actividades, puedes hacerlo a trav\u00e9s de nuestros canales de contacto.<br>\n\nCorreo electr\u00f3nico:\ncontacto@henry-tv.com<br>\n\nWhatsApp:<br>\n0993597637<br>\nRedes sociales:<br>\nFacebook<br>\nInstagram<br>\nYouTube<br>\nTikTok<br>\n\nHenry TV mantiene canales abiertos de comunicaci\u00f3n con la ciudadan\u00eda, organizaciones sociales e instituciones.<\/h2>\t\t\t\t<\/div>\n\t\t\t\t<div class=\"elementor-element elementor-element-784889b elementor-widget elementor-widget-spacer\" data-id=\"784889b\" data-element_type=\"widget\" data-e-type=\"widget\" data-widget_type=\"spacer.default\">\n\t\t\t\t\t\t\t<div class=\"elementor-spacer\">\n\t\t\t<div class=\"elementor-spacer-inner\"><\/div>\n\t\t<\/div>\n\t\t\t\t\t\t<\/div>\n\t\t\t\t\t<\/div>\n\t\t\t\t<\/div>\n\t\t<div class=\"elementor-element elementor-element-3493dea e-flex e-con-boxed e-con e-parent\" data-id=\"3493dea\" data-element_type=\"container\" data-e-type=\"container\">\n\t\t\t\t\t<div class=\"e-con-inner\">\n\t\t\t\t<div class=\"elementor-element elementor-element-e7dd892 elementor-widget elementor-widget-google_maps\" data-id=\"e7dd892\" data-element_type=\"widget\" data-e-type=\"widget\" data-widget_type=\"google_maps.default\">\n\t\t\t\t\t\t\t<div class=\"elementor-custom-embed\">\n\t\t\t<iframe loading=\"lazy\"\n\t\t\t\t\tsrc=\"https:\/\/maps.google.com\/maps?q=Manta%2C%20Ecuador&#038;t=m&#038;z=10&#038;output=embed&#038;iwloc=near\"\n\t\t\t\t\ttitle=\"Manta, Ecuador\"\n\t\t\t\t\taria-label=\"Manta, Ecuador\"\n\t\t\t><\/iframe>\n\t\t<\/div>\n\t\t\t\t\t\t<\/div>\n\t\t\t\t\t<\/div>\n\t\t\t\t<\/div>\n\t\t<div class=\"elementor-element elementor-element-ce16eea e-flex e-con-boxed e-con e-parent\" data-id=\"ce16eea\" data-element_type=\"container\" data-e-type=\"container\">\n\t\t\t\t\t<div class=\"e-con-inner\">\n\t\t\t\t<div class=\"elementor-element elementor-element-6aa1366 elementor-widget elementor-widget-spacer\" data-id=\"6aa1366\" data-element_type=\"widget\" data-e-type=\"widget\" data-widget_type=\"spacer.default\">\n\t\t\t\t\t\t\t<div class=\"elementor-spacer\">\n\t\t\t<div class=\"elementor-spacer-inner\"><\/div>\n\t\t<\/div>\n\t\t\t\t\t\t<\/div>\n\t\t\t\t\t<\/div>\n\t\t\t\t<\/div>\n\t\t\t\t<\/div>\n\t\t","protected":false},"excerpt":{"rendered":"<p>contacto Si deseas comunicarte con Henry TV para enviar informaci\u00f3n, sugerencias, realizar colaboraciones o solicitar cobertura de actividades, puedes hacerlo a trav\u00e9s de nuestros canales de contacto. Correo electr\u00f3nico: contacto@henry-tv.com WhatsApp: 0993597637 Redes sociales: Facebook Instagram YouTube TikTok Henry TV mantiene canales abiertos de comunicaci\u00f3n con la ciudadan\u00eda, organizaciones sociales e instituciones.<\/p>\n","protected":false},"author":1,"featured_media":0,"parent":0,"menu_order":0,"comment_status":"closed","ping_status":"closed","template":"","meta":{"footnotes":""},"class_list":["post-175","page","type-page","status-publish","hentry"],"_links":{"self":[{"href":"https:\/\/henry-tv.com\/index.php?rest_route=\/wp\/v2\/pages\/175","targetHints":{"allow":["GET"]}}],"collection":[{"href":"https:\/\/henry-tv.com\/index.php?rest_route=\/wp\/v2\/pages"}],"about":[{"href":"https:\/\/henry-tv.com\/index.php?rest_route=\/wp\/v2\/types\/page"}],"author":[{"embeddable":true,"href":"https:\/\/henry-tv.com\/index.php?rest_route=\/wp\/v2\/users\/1"}],"replies":[{"embeddable":true,"href":"https:\/\/henry-tv.com\/index.php?rest_route=%2Fwp%2Fv2%2Fcomments&post=175"}],"version-history":[{"count":7,"href":"https:\/\/henry-tv.com\/index.php?rest_route=\/wp\/v2\/pages\/175\/revisions"}],"predecessor-version":[{"id":282,"href":"https:\/\/henry-tv.com\/index.php?rest_route=\/wp\/v2\/pages\/175\/revisions\/282"}],"wp:attachment":[{"href":"https:\/\/henry-tv.com\/index.php?rest_route=%2Fwp%2Fv2%2Fmedia&parent=175"}],"curies":[{"name":"wp","href":"https:\/\/api.w.org\/{rel}","templated":true}]}}