{"id":173,"date":"2026-03-10T05:33:42","date_gmt":"2026-03-10T04:33:42","guid":{"rendered":"https:\/\/henry-tv.com\/?page_id=173"},"modified":"2026-03-10T06:52:23","modified_gmt":"2026-03-10T05:52:23","slug":"galeria","status":"publish","type":"page","link":"https:\/\/henry-tv.com\/?page_id=173","title":{"rendered":"GALER\u00cdA"},"content":{"rendered":"\t\t<div data-elementor-type=\"wp-page\" data-elementor-id=\"173\" class=\"elementor elementor-173\" data-elementor-post-type=\"page\">\n\t\t\t\t<div class=\"elementor-element elementor-element-ccd1456 e-flex e-con-boxed e-con e-parent\" data-id=\"ccd1456\" data-element_type=\"container\" data-e-type=\"container\">\n\t\t\t\t\t<div class=\"e-con-inner\">\n\t\t<div class=\"elementor-element elementor-element-31d08a2 e-con-full e-flex e-con e-child\" data-id=\"31d08a2\" data-element_type=\"container\" data-e-type=\"container\" data-settings=\"{&quot;background_background&quot;:&quot;gradient&quot;}\">\n\t\t\t\t<div class=\"elementor-element elementor-element-dba0621 elementor-widget elementor-widget-heading\" data-id=\"dba0621\" data-element_type=\"widget\" data-e-type=\"widget\" data-widget_type=\"heading.default\">\n\t\t\t\t\t<h2 class=\"elementor-heading-title elementor-size-default\">GALER\u00cdA<\/h2>\t\t\t\t<\/div>\n\t\t\t\t<\/div>\n\t\t\t\t<div class=\"elementor-element elementor-element-979aac4 elementor-widget elementor-widget-spacer\" data-id=\"979aac4\" data-element_type=\"widget\" data-e-type=\"widget\" data-widget_type=\"spacer.default\">\n\t\t\t\t\t\t\t<div class=\"elementor-spacer\">\n\t\t\t<div class=\"elementor-spacer-inner\"><\/div>\n\t\t<\/div>\n\t\t\t\t\t\t<\/div>\n\t\t\t\t<div class=\"elementor-element elementor-element-11e0fe1 elementor-widget elementor-widget-heading\" data-id=\"11e0fe1\" data-element_type=\"widget\" data-e-type=\"widget\" data-widget_type=\"heading.default\">\n\t\t\t\t\t<h2 class=\"elementor-heading-title elementor-size-default\">La galer\u00eda re\u00fane contenido visual producido por Henry TV en sus diferentes actividades y coberturas.\n<br>\nEn esta secci\u00f3n se pueden encontrar:<br>\n\t\u2022\tFotograf\u00edas de transmisiones y reportajes<br>\n\t\u2022\tIm\u00e1genes de coberturas territoriales<br>\n\t\u2022\tEventos comunitarios<br>\n\t\u2022\tProducci\u00f3n audiovisual<br>\n\nLa galer\u00eda permite documentar visualmente el trabajo realizado por la plataforma y acercar a la audiencia a las actividades desarrolladas.<\/h2>\t\t\t\t<\/div>\n\t\t\t\t<div class=\"elementor-element elementor-element-70b5b62 elementor-widget elementor-widget-spacer\" data-id=\"70b5b62\" data-element_type=\"widget\" data-e-type=\"widget\" data-widget_type=\"spacer.default\">\n\t\t\t\t\t\t\t<div class=\"elementor-spacer\">\n\t\t\t<div class=\"elementor-spacer-inner\"><\/div>\n\t\t<\/div>\n\t\t\t\t\t\t<\/div>\n\t\t\t\t\t<\/div>\n\t\t\t\t<\/div>\n\t\t\t\t<\/div>\n\t\t","protected":false},"excerpt":{"rendered":"<p>GALER\u00cdA La galer\u00eda re\u00fane contenido visual producido por Henry TV en sus diferentes actividades y coberturas. En esta secci\u00f3n se pueden encontrar: \u2022 Fotograf\u00edas de transmisiones y reportajes \u2022 Im\u00e1genes de coberturas territoriales \u2022 Eventos comunitarios \u2022 Producci\u00f3n audiovisual La galer\u00eda permite documentar visualmente el trabajo realizado por la plataforma y acercar a la audiencia [&hellip;]<\/p>\n","protected":false},"author":1,"featured_media":0,"parent":0,"menu_order":0,"comment_status":"closed","ping_status":"closed","template":"","meta":{"footnotes":""},"class_list":["post-173","page","type-page","status-publish","hentry"],"_links":{"self":[{"href":"https:\/\/henry-tv.com\/index.php?rest_route=\/wp\/v2\/pages\/173","targetHints":{"allow":["GET"]}}],"collection":[{"href":"https:\/\/henry-tv.com\/index.php?rest_route=\/wp\/v2\/pages"}],"about":[{"href":"https:\/\/henry-tv.com\/index.php?rest_route=\/wp\/v2\/types\/page"}],"author":[{"embeddable":true,"href":"https:\/\/henry-tv.com\/index.php?rest_route=\/wp\/v2\/users\/1"}],"replies":[{"embeddable":true,"href":"https:\/\/henry-tv.com\/index.php?rest_route=%2Fwp%2Fv2%2Fcomments&post=173"}],"version-history":[{"count":4,"href":"https:\/\/henry-tv.com\/index.php?rest_route=\/wp\/v2\/pages\/173\/revisions"}],"predecessor-version":[{"id":275,"href":"https:\/\/henry-tv.com\/index.php?rest_route=\/wp\/v2\/pages\/173\/revisions\/275"}],"wp:attachment":[{"href":"https:\/\/henry-tv.com\/index.php?rest_route=%2Fwp%2Fv2%2Fmedia&parent=173"}],"curies":[{"name":"wp","href":"https:\/\/api.w.org\/{rel}","templated":true}]}}