{"id":169,"date":"2026-03-10T05:33:18","date_gmt":"2026-03-10T04:33:18","guid":{"rendered":"https:\/\/henry-tv.com\/?page_id=169"},"modified":"2026-03-10T06:38:44","modified_gmt":"2026-03-10T05:38:44","slug":"proyectos","status":"publish","type":"page","link":"https:\/\/henry-tv.com\/?page_id=169","title":{"rendered":"PROYECTOS"},"content":{"rendered":"\t\t<div data-elementor-type=\"wp-page\" data-elementor-id=\"169\" class=\"elementor elementor-169\" data-elementor-post-type=\"page\">\n\t\t\t\t<div class=\"elementor-element elementor-element-9bec3bc e-flex e-con-boxed e-con e-parent\" data-id=\"9bec3bc\" data-element_type=\"container\" data-e-type=\"container\">\n\t\t\t\t\t<div class=\"e-con-inner\">\n\t\t<div class=\"elementor-element elementor-element-6400bee e-con-full e-flex e-con e-child\" data-id=\"6400bee\" data-element_type=\"container\" data-e-type=\"container\" data-settings=\"{&quot;background_background&quot;:&quot;gradient&quot;}\">\n\t\t\t\t<div class=\"elementor-element elementor-element-6c93283 elementor-widget elementor-widget-heading\" data-id=\"6c93283\" data-element_type=\"widget\" data-e-type=\"widget\" data-widget_type=\"heading.default\">\n\t\t\t\t\t<h2 class=\"elementor-heading-title elementor-size-default\">Proyectos<\/h2>\t\t\t\t<\/div>\n\t\t\t\t<\/div>\n\t\t\t\t\t<\/div>\n\t\t\t\t<\/div>\n\t\t<div class=\"elementor-element elementor-element-fbe8282 e-flex e-con-boxed e-con e-parent\" data-id=\"fbe8282\" data-element_type=\"container\" data-e-type=\"container\">\n\t\t\t\t\t<div class=\"e-con-inner\">\n\t\t\t\t<div class=\"elementor-element elementor-element-cdee2f3 elementor-widget elementor-widget-spacer\" data-id=\"cdee2f3\" data-element_type=\"widget\" data-e-type=\"widget\" data-widget_type=\"spacer.default\">\n\t\t\t\t\t\t\t<div class=\"elementor-spacer\">\n\t\t\t<div class=\"elementor-spacer-inner\"><\/div>\n\t\t<\/div>\n\t\t\t\t\t\t<\/div>\n\t\t\t\t<div class=\"elementor-element elementor-element-b53bab4 elementor-widget elementor-widget-heading\" data-id=\"b53bab4\" data-element_type=\"widget\" data-e-type=\"widget\" data-widget_type=\"heading.default\">\n\t\t\t\t\t<h2 class=\"elementor-heading-title elementor-size-default\">Henry TV desarrolla diferentes iniciativas de comunicaci\u00f3n digital orientadas a informar, conectar con la ciudadan\u00eda y fortalecer el acceso a la informaci\u00f3n.\n<br>\nEntre los principales proyectos se encuentran:<br>\n\nTransmisiones en vivo\n<br>\nCobertura en tiempo real de acontecimientos sociales, eventos comunitarios y actividades de inter\u00e9s ciudadano.\n<br>\nReportajes comunitarios\n<br>\nProducci\u00f3n de contenido audiovisual enfocado en visibilizar la realidad de los barrios y las comunidades.\n<br>\nEntrevistas y di\u00e1logo ciudadano\n<br>\nEspacios de conversaci\u00f3n con l\u00edderes comunitarios, emprendedores, autoridades y ciudadanos.\n<br>\nCobertura territorial\n<br>\nRecorridos por diferentes sectores para conocer problem\u00e1ticas sociales y generar contenidos informativos.\n<br>\nProducci\u00f3n multimedia\n<br>\nDesarrollo de contenido audiovisual adaptado a plataformas digitales y redes sociales.<\/h2>\t\t\t\t<\/div>\n\t\t\t\t<div class=\"elementor-element elementor-element-bb7f7b3 elementor-widget elementor-widget-spacer\" data-id=\"bb7f7b3\" data-element_type=\"widget\" data-e-type=\"widget\" data-widget_type=\"spacer.default\">\n\t\t\t\t\t\t\t<div class=\"elementor-spacer\">\n\t\t\t<div class=\"elementor-spacer-inner\"><\/div>\n\t\t<\/div>\n\t\t\t\t\t\t<\/div>\n\t\t\t\t\t<\/div>\n\t\t\t\t<\/div>\n\t\t\t\t<\/div>\n\t\t","protected":false},"excerpt":{"rendered":"<p>Proyectos Henry TV desarrolla diferentes iniciativas de comunicaci\u00f3n digital orientadas a informar, conectar con la ciudadan\u00eda y fortalecer el acceso a la informaci\u00f3n. Entre los principales proyectos se encuentran: Transmisiones en vivo Cobertura en tiempo real de acontecimientos sociales, eventos comunitarios y actividades de inter\u00e9s ciudadano. Reportajes comunitarios Producci\u00f3n de contenido audiovisual enfocado en visibilizar [&hellip;]<\/p>\n","protected":false},"author":1,"featured_media":0,"parent":0,"menu_order":0,"comment_status":"closed","ping_status":"closed","template":"","meta":{"footnotes":""},"class_list":["post-169","page","type-page","status-publish","hentry"],"_links":{"self":[{"href":"https:\/\/henry-tv.com\/index.php?rest_route=\/wp\/v2\/pages\/169","targetHints":{"allow":["GET"]}}],"collection":[{"href":"https:\/\/henry-tv.com\/index.php?rest_route=\/wp\/v2\/pages"}],"about":[{"href":"https:\/\/henry-tv.com\/index.php?rest_route=\/wp\/v2\/types\/page"}],"author":[{"embeddable":true,"href":"https:\/\/henry-tv.com\/index.php?rest_route=\/wp\/v2\/users\/1"}],"replies":[{"embeddable":true,"href":"https:\/\/henry-tv.com\/index.php?rest_route=%2Fwp%2Fv2%2Fcomments&post=169"}],"version-history":[{"count":4,"href":"https:\/\/henry-tv.com\/index.php?rest_route=\/wp\/v2\/pages\/169\/revisions"}],"predecessor-version":[{"id":269,"href":"https:\/\/henry-tv.com\/index.php?rest_route=\/wp\/v2\/pages\/169\/revisions\/269"}],"wp:attachment":[{"href":"https:\/\/henry-tv.com\/index.php?rest_route=%2Fwp%2Fv2%2Fmedia&parent=169"}],"curies":[{"name":"wp","href":"https:\/\/api.w.org\/{rel}","templated":true}]}}