{"id":163,"date":"2026-03-10T05:31:55","date_gmt":"2026-03-10T04:31:55","guid":{"rendered":"https:\/\/henry-tv.com\/?page_id=163"},"modified":"2026-03-10T06:20:03","modified_gmt":"2026-03-10T05:20:03","slug":"quienes-somos","status":"publish","type":"page","link":"https:\/\/henry-tv.com\/?page_id=163","title":{"rendered":"QUI\u00c9NES SOMOS"},"content":{"rendered":"\t\t<div data-elementor-type=\"wp-page\" data-elementor-id=\"163\" class=\"elementor elementor-163\" data-elementor-post-type=\"page\">\n\t\t\t\t<div class=\"elementor-element elementor-element-73a84e8 e-flex e-con-boxed e-con e-parent\" data-id=\"73a84e8\" data-element_type=\"container\" data-e-type=\"container\">\n\t\t\t\t\t<div class=\"e-con-inner\">\n\t\t<div class=\"elementor-element elementor-element-0872e5e e-con-full e-flex e-con e-child\" data-id=\"0872e5e\" data-element_type=\"container\" data-e-type=\"container\" data-settings=\"{&quot;background_background&quot;:&quot;gradient&quot;}\">\n\t\t\t\t<div class=\"elementor-element elementor-element-7c90d06 elementor-widget elementor-widget-heading\" data-id=\"7c90d06\" data-element_type=\"widget\" data-e-type=\"widget\" data-widget_type=\"heading.default\">\n\t\t\t\t\t<h2 class=\"elementor-heading-title elementor-size-default\">qui\u00c9NES SOMOS<\/h2>\t\t\t\t<\/div>\n\t\t\t\t<\/div>\n\t\t\t\t\t<\/div>\n\t\t\t\t<\/div>\n\t\t<div class=\"elementor-element elementor-element-0ba82c0 e-flex e-con-boxed e-con e-parent\" data-id=\"0ba82c0\" data-element_type=\"container\" data-e-type=\"container\">\n\t\t\t\t\t<div class=\"e-con-inner\">\n\t\t\t\t<div class=\"elementor-element elementor-element-9e11a42 elementor-widget elementor-widget-heading\" data-id=\"9e11a42\" data-element_type=\"widget\" data-e-type=\"widget\" data-widget_type=\"heading.default\">\n\t\t\t\t\t<h2 class=\"elementor-heading-title elementor-size-default\">Henry TV es un proyecto de comunicaci\u00f3n digital orientado a la producci\u00f3n de contenidos audiovisuales con enfoque social, comunitario e informativo.<br>\n\n<br>Nuestra misi\u00f3n es generar espacios de comunicaci\u00f3n que permitan visibilizar la realidad de las comunidades, promover el debate ciudadano y contribuir al fortalecimiento de la participaci\u00f3n social a trav\u00e9s de medios digitales.<br>\n\n<br>Trabajamos con un enfoque cercano a la gente, recorriendo barrios, comunidades y diferentes espacios sociales para escuchar las voces de la ciudadan\u00eda y llevar sus historias a las plataformas digitales.<br>\n\n<br>Henry TV nace con la convicci\u00f3n de que la comunicaci\u00f3n es una herramienta fundamental para el desarrollo democr\u00e1tico, la transparencia y la construcci\u00f3n de sociedades m\u00e1s participativas.<br>\n\n<br>Nuestro trabajo se fundamenta en principios de:<br>\n\t\u2022\tResponsabilidad informativa<br>\n\t\u2022\tCompromiso social<br>\n\t\u2022\tTransparencia<br>\n\t\u2022\tRespeto a la ciudadan\u00eda<br>\n\t\u2022\tLibertad de expresi\u00f3n<\/h2>\t\t\t\t<\/div>\n\t\t\t\t\t<\/div>\n\t\t\t\t<\/div>\n\t\t\t\t<\/div>\n\t\t","protected":false},"excerpt":{"rendered":"<p>qui\u00c9NES SOMOS Henry TV es un proyecto de comunicaci\u00f3n digital orientado a la producci\u00f3n de contenidos audiovisuales con enfoque social, comunitario e informativo. Nuestra misi\u00f3n es generar espacios de comunicaci\u00f3n que permitan visibilizar la realidad de las comunidades, promover el debate ciudadano y contribuir al fortalecimiento de la participaci\u00f3n social a trav\u00e9s de medios digitales. [&hellip;]<\/p>\n","protected":false},"author":1,"featured_media":0,"parent":0,"menu_order":0,"comment_status":"closed","ping_status":"closed","template":"","meta":{"footnotes":""},"class_list":["post-163","page","type-page","status-publish","hentry"],"_links":{"self":[{"href":"https:\/\/henry-tv.com\/index.php?rest_route=\/wp\/v2\/pages\/163","targetHints":{"allow":["GET"]}}],"collection":[{"href":"https:\/\/henry-tv.com\/index.php?rest_route=\/wp\/v2\/pages"}],"about":[{"href":"https:\/\/henry-tv.com\/index.php?rest_route=\/wp\/v2\/types\/page"}],"author":[{"embeddable":true,"href":"https:\/\/henry-tv.com\/index.php?rest_route=\/wp\/v2\/users\/1"}],"replies":[{"embeddable":true,"href":"https:\/\/henry-tv.com\/index.php?rest_route=%2Fwp%2Fv2%2Fcomments&post=163"}],"version-history":[{"count":7,"href":"https:\/\/henry-tv.com\/index.php?rest_route=\/wp\/v2\/pages\/163\/revisions"}],"predecessor-version":[{"id":246,"href":"https:\/\/henry-tv.com\/index.php?rest_route=\/wp\/v2\/pages\/163\/revisions\/246"}],"wp:attachment":[{"href":"https:\/\/henry-tv.com\/index.php?rest_route=%2Fwp%2Fv2%2Fmedia&parent=163"}],"curies":[{"name":"wp","href":"https:\/\/api.w.org\/{rel}","templated":true}]}}