{"id":160,"date":"2026-03-10T05:31:47","date_gmt":"2026-03-10T04:31:47","guid":{"rendered":"https:\/\/henry-tv.com\/?page_id=160"},"modified":"2026-03-10T22:26:05","modified_gmt":"2026-03-10T21:26:05","slug":"inicio","status":"publish","type":"page","link":"https:\/\/henry-tv.com\/","title":{"rendered":"INICIO"},"content":{"rendered":"\t\t<div data-elementor-type=\"wp-page\" data-elementor-id=\"160\" class=\"elementor elementor-160\" data-elementor-post-type=\"page\">\n\t\t\t\t<div class=\"elementor-element elementor-element-514aa22 e-flex e-con-boxed e-con e-parent\" data-id=\"514aa22\" data-element_type=\"container\" data-e-type=\"container\">\n\t\t\t\t\t<div class=\"e-con-inner\">\n\t\t<div class=\"elementor-element elementor-element-833d6d8 e-grid e-con-full e-con e-child\" data-id=\"833d6d8\" data-element_type=\"container\" data-e-type=\"container\">\n\t\t\t\t<div class=\"elementor-element elementor-element-43946f2 elementor-widget elementor-widget-heading\" data-id=\"43946f2\" data-element_type=\"widget\" data-e-type=\"widget\" data-widget_type=\"heading.default\">\n\t\t\t\t\t<h2 class=\"elementor-heading-title elementor-size-default\">INICIO<\/h2>\t\t\t\t<\/div>\n\t\t\t\t<div class=\"elementor-element elementor-element-1a26c53 elementor-widget elementor-widget-image\" data-id=\"1a26c53\" data-element_type=\"widget\" data-e-type=\"widget\" data-widget_type=\"image.default\">\n\t\t\t\t\t\t\t\t\t\t\t\t\t\t\t<img fetchpriority=\"high\" decoding=\"async\" width=\"768\" height=\"1024\" src=\"http:\/\/henry-tv.com\/wp-content\/uploads\/2026\/03\/WhatsApp-Image-2026-03-10-at-16.22.47.jpeg\" class=\"attachment-large size-large wp-image-338\" alt=\"\" \/>\t\t\t\t\t\t\t\t\t\t\t\t\t\t\t<\/div>\n\t\t\t\t<\/div>\n\t\t\t\t\t<\/div>\n\t\t\t\t<\/div>\n\t\t<div class=\"elementor-element elementor-element-df5d4c0 e-flex e-con-boxed e-con e-parent\" data-id=\"df5d4c0\" data-element_type=\"container\" data-e-type=\"container\">\n\t\t\t\t\t<div class=\"e-con-inner\">\n\t\t\t\t<div class=\"elementor-element elementor-element-4183164 elementor-widget elementor-widget-spacer\" data-id=\"4183164\" data-element_type=\"widget\" data-e-type=\"widget\" data-widget_type=\"spacer.default\">\n\t\t\t\t\t\t\t<div class=\"elementor-spacer\">\n\t\t\t<div class=\"elementor-spacer-inner\"><\/div>\n\t\t<\/div>\n\t\t\t\t\t\t<\/div>\n\t\t\t\t<div class=\"elementor-element elementor-element-86f0e63 elementor-widget elementor-widget-heading\" data-id=\"86f0e63\" data-element_type=\"widget\" data-e-type=\"widget\" data-widget_type=\"heading.default\">\n\t\t\t\t\t<h2 class=\"elementor-heading-title elementor-size-default\">Henry TV es una plataforma de comunicaci\u00f3n digital dedicada a la producci\u00f3n y difusi\u00f3n de contenido informativo, social y comunitario. Nuestro objetivo es generar espacios de di\u00e1logo ciudadano, visibilizar la realidad de los barrios y fortalecer la participaci\u00f3n de la comunidad a trav\u00e9s de contenidos audiovisuales responsables y cercanos a la gente.\n\n<br>A trav\u00e9s de transmisiones, reportajes, entrevistas y coberturas en territorio, Henry TV busca convertirse en un medio que represente la voz de la ciudadan\u00eda y que promueva una comunicaci\u00f3n transparente, participativa y comprometida con el desarrollo social.<\/h2>\t\t\t\t<\/div>\n\t\t\t\t<div class=\"elementor-element elementor-element-64d7b6e elementor-widget elementor-widget-spacer\" data-id=\"64d7b6e\" data-element_type=\"widget\" data-e-type=\"widget\" data-widget_type=\"spacer.default\">\n\t\t\t\t\t\t\t<div class=\"elementor-spacer\">\n\t\t\t<div class=\"elementor-spacer-inner\"><\/div>\n\t\t<\/div>\n\t\t\t\t\t\t<\/div>\n\t\t\t\t\t<\/div>\n\t\t\t\t<\/div>\n\t\t<div class=\"elementor-element elementor-element-0656a2c e-grid e-con-boxed e-con e-parent\" data-id=\"0656a2c\" data-element_type=\"container\" data-e-type=\"container\">\n\t\t\t\t\t<div class=\"e-con-inner\">\n\t\t\t\t<div class=\"elementor-element elementor-element-950d927 elementor-widget elementor-widget-heading\" data-id=\"950d927\" data-element_type=\"widget\" data-e-type=\"widget\" data-widget_type=\"heading.default\">\n\t\t\t\t\t<h2 class=\"elementor-heading-title elementor-size-default\">Nuestra propuesta comunicacional se basa en tres pilares fundamentales:<br>\n\t\u2022\tInformaci\u00f3n cercana a la comunidad<br>\n\t\u2022\tCobertura directa desde los barrios<br>\n\t\u2022\tContenido digital accesible para todos<\/h2>\t\t\t\t<\/div>\n\t\t\t\t<div class=\"elementor-element elementor-element-e038ba9 elementor-widget elementor-widget-heading\" data-id=\"e038ba9\" data-element_type=\"widget\" data-e-type=\"widget\" data-widget_type=\"heading.default\">\n\t\t\t\t\t<h2 class=\"elementor-heading-title elementor-size-default\">Desde nuestras plataformas digitales realizamos transmisiones en vivo, reportajes ciudadanos, entrevistas a l\u00edderes comunitarios y cobertura de acontecimientos relevantes para la poblaci\u00f3n.<\/h2>\t\t\t\t<\/div>\n\t\t\t\t\t<\/div>\n\t\t\t\t<\/div>\n\t\t<div class=\"elementor-element elementor-element-9a4127b e-flex e-con-boxed e-con e-parent\" data-id=\"9a4127b\" data-element_type=\"container\" data-e-type=\"container\">\n\t\t\t\t\t<div class=\"e-con-inner\">\n\t\t\t\t<div class=\"elementor-element elementor-element-8ee2413 elementor-widget elementor-widget-spacer\" data-id=\"8ee2413\" data-element_type=\"widget\" data-e-type=\"widget\" data-widget_type=\"spacer.default\">\n\t\t\t\t\t\t\t<div class=\"elementor-spacer\">\n\t\t\t<div class=\"elementor-spacer-inner\"><\/div>\n\t\t<\/div>\n\t\t\t\t\t\t<\/div>\n\t\t\t\t<div class=\"elementor-element elementor-element-f1ef507 elementor-widget elementor-widget-heading\" data-id=\"f1ef507\" data-element_type=\"widget\" data-e-type=\"widget\" data-widget_type=\"heading.default\">\n\t\t\t\t\t<h2 class=\"elementor-heading-title elementor-size-default\">Henry TV apuesta por un periodismo moderno, apoyado en herramientas digitales, redes sociales y plataformas multimedia que permiten llegar de manera inmediata a miles de personas.<\/h2>\t\t\t\t<\/div>\n\t\t\t\t<div class=\"elementor-element elementor-element-fc0f69c elementor-widget elementor-widget-spacer\" data-id=\"fc0f69c\" data-element_type=\"widget\" data-e-type=\"widget\" data-widget_type=\"spacer.default\">\n\t\t\t\t\t\t\t<div class=\"elementor-spacer\">\n\t\t\t<div class=\"elementor-spacer-inner\"><\/div>\n\t\t<\/div>\n\t\t\t\t\t\t<\/div>\n\t\t\t\t\t<\/div>\n\t\t\t\t<\/div>\n\t\t\t\t<\/div>\n\t\t","protected":false},"excerpt":{"rendered":"<p>INICIO Henry TV es una plataforma de comunicaci\u00f3n digital dedicada a la producci\u00f3n y difusi\u00f3n de contenido informativo, social y comunitario. Nuestro objetivo es generar espacios de di\u00e1logo ciudadano, visibilizar la realidad de los barrios y fortalecer la participaci\u00f3n de la comunidad a trav\u00e9s de contenidos audiovisuales responsables y cercanos a la gente. A trav\u00e9s [&hellip;]<\/p>\n","protected":false},"author":1,"featured_media":0,"parent":0,"menu_order":0,"comment_status":"closed","ping_status":"closed","template":"","meta":{"footnotes":""},"class_list":["post-160","page","type-page","status-publish","hentry"],"_links":{"self":[{"href":"https:\/\/henry-tv.com\/index.php?rest_route=\/wp\/v2\/pages\/160","targetHints":{"allow":["GET"]}}],"collection":[{"href":"https:\/\/henry-tv.com\/index.php?rest_route=\/wp\/v2\/pages"}],"about":[{"href":"https:\/\/henry-tv.com\/index.php?rest_route=\/wp\/v2\/types\/page"}],"author":[{"embeddable":true,"href":"https:\/\/henry-tv.com\/index.php?rest_route=\/wp\/v2\/users\/1"}],"replies":[{"embeddable":true,"href":"https:\/\/henry-tv.com\/index.php?rest_route=%2Fwp%2Fv2%2Fcomments&post=160"}],"version-history":[{"count":28,"href":"https:\/\/henry-tv.com\/index.php?rest_route=\/wp\/v2\/pages\/160\/revisions"}],"predecessor-version":[{"id":341,"href":"https:\/\/henry-tv.com\/index.php?rest_route=\/wp\/v2\/pages\/160\/revisions\/341"}],"wp:attachment":[{"href":"https:\/\/henry-tv.com\/index.php?rest_route=%2Fwp%2Fv2%2Fmedia&parent=160"}],"curies":[{"name":"wp","href":"https:\/\/api.w.org\/{rel}","templated":true}]}}